{"id":415,"date":"2024-05-23T04:32:16","date_gmt":"2024-05-23T04:32:16","guid":{"rendered":"https:\/\/medicen.peacefulqode.co.in\/?page_id=415"},"modified":"2025-06-20T09:04:01","modified_gmt":"2025-06-20T09:04:01","slug":"our-team","status":"publish","type":"page","link":"https:\/\/luminordental.al\/en\/about-us\/our-team\/","title":{"rendered":"Our Team"},"content":{"rendered":"\t\t<div data-elementor-type=\"wp-page\" data-elementor-id=\"415\" class=\"elementor elementor-415\" data-elementor-post-type=\"page\">\n\t\t\t\t\t\t<div class=\"elementor-section elementor-top-section elementor-element elementor-element-bf15304 elementor-section-full_width elementor-section-stretched elementor-section-height-default elementor-section-height-default\" data-id=\"bf15304\" data-element_type=\"section\" data-e-type=\"section\" data-settings=\"{&quot;stretch_section&quot;:&quot;section-stretched&quot;}\">\n\t\t\t\t\t\t<div class=\"elementor-container elementor-column-gap-default\">\n\t\t\t\t\t<div class=\"elementor-column elementor-col-100 elementor-top-column elementor-element elementor-element-5a5fdde\" data-id=\"5a5fdde\" data-element_type=\"column\" data-e-type=\"column\">\n\t\t\t<div class=\"elementor-widget-wrap elementor-element-populated\">\n\t\t\t\t\t\t<div class=\"elementor-section elementor-inner-section elementor-element elementor-element-a458339 elementor-section-boxed elementor-section-height-default elementor-section-height-default\" data-id=\"a458339\" data-element_type=\"section\" data-e-type=\"section\">\n\t\t\t\t\t\t<div class=\"elementor-container elementor-column-gap-default\">\n\t\t\t\t\t<div class=\"elementor-column elementor-col-33 elementor-inner-column elementor-element elementor-element-327c1ca animated-fast elementor-invisible\" data-id=\"327c1ca\" data-element_type=\"column\" data-e-type=\"column\" data-settings=\"{&quot;animation&quot;:&quot;fadeInUp&quot;}\">\n\t\t\t<div class=\"elementor-widget-wrap elementor-element-populated\">\n\t\t\t\t\t\t<div class=\"elementor-element elementor-element-6f4b21f elementor-widget elementor-widget-team\" data-id=\"6f4b21f\" data-element_type=\"widget\" data-e-type=\"widget\" data-widget_type=\"team.default\">\n\t\t\t\t<div class=\"elementor-widget-container\">\n\t\t\t\t\t\r\n    <div class=\"pt-team pt-style-2\">\r\n\r\n        <div class=\"pt-team-info\">\r\n                            <h5 class=\"pt-member-name\">Dr. Anisa Fejzo<\/h5>\r\n\r\n                            <span class=\"pt-team-designation\">Luminor Dental<\/span>\r\n                    <\/div>\r\n\r\n        <div class=\"pt-team-img\">\r\n                           <img decoding=\"async\" src=\"https:\/\/luminordental.al\/wp-content\/uploads\/2025\/02\/05.png\" alt=\"team-image\">\r\n                      <\/div>\r\n\r\n\r\n       <div class=\"pt-team-bottom\">\r\n                        <div class=\"pt-btn-container\">\r\n                    <a class=\"pt-button pt-button-link\" href=\"$\" >\r\n                        <div class=\"pt-button-block\">\r\n                            <span class=\"pt-button-text\">VIEW MORE<\/span>\r\n                            <span class=\"pt-button-text\">VIEW MORE<\/span>\r\n                                                    <\/div>\r\n                    <\/a>\r\n                <\/div>\r\n            \r\n        <div class=\"pt-team-social\"><a href=\"#\"><i class=\"fab fa-instagram\"><\/i><\/a><a href=\"#\"><i class=\"fab fa-facebook\"><\/i><\/a><\/div>    <\/div>\r\n<\/div>\r\n\r\n\r\n\r\n\r\n\r\n\r\n\t\t\t\t<\/div>\n\t\t\t\t<\/div>\n\t\t\t\t\t<\/div>\n\t\t<\/div>\n\t\t\t\t<div class=\"elementor-column elementor-col-33 elementor-inner-column elementor-element elementor-element-f852b74 animated-fast elementor-invisible\" data-id=\"f852b74\" data-element_type=\"column\" data-e-type=\"column\" data-settings=\"{&quot;animation&quot;:&quot;fadeInUp&quot;,&quot;animation_delay&quot;:100}\">\n\t\t\t<div class=\"elementor-widget-wrap elementor-element-populated\">\n\t\t\t\t\t\t<div class=\"elementor-element elementor-element-9a54681 elementor-widget elementor-widget-team\" data-id=\"9a54681\" data-element_type=\"widget\" data-e-type=\"widget\" data-widget_type=\"team.default\">\n\t\t\t\t<div class=\"elementor-widget-container\">\n\t\t\t\t\t\r\n    <div class=\"pt-team pt-style-2\">\r\n\r\n        <div class=\"pt-team-info\">\r\n                            <h5 class=\"pt-member-name\">Prof. Dr. Ates Parlar<\/h5>\r\n\r\n                            <span class=\"pt-team-designation\">Luminor Dental<\/span>\r\n                    <\/div>\r\n\r\n        <div class=\"pt-team-img\">\r\n                           <img decoding=\"async\" src=\"https:\/\/luminordental.al\/wp-content\/uploads\/2025\/02\/04.png\" alt=\"team-image\">\r\n                      <\/div>\r\n\r\n\r\n       <div class=\"pt-team-bottom\">\r\n                        <div class=\"pt-btn-container\">\r\n                    <a class=\"pt-button pt-button-link\" href=\"https:\/\/luminordental.al\/about-us\/our-team\/prof-dr-ates-parlar\/\" >\r\n                        <div class=\"pt-button-block\">\r\n                            <span class=\"pt-button-text\">VIEW MORE<\/span>\r\n                            <span class=\"pt-button-text\">VIEW MORE<\/span>\r\n                                                    <\/div>\r\n                    <\/a>\r\n                <\/div>\r\n            \r\n        <div class=\"pt-team-social\"><a href=\"#\"><i class=\"fab fa-instagram\"><\/i><\/a><a href=\"#\"><i class=\"fab fa-facebook\"><\/i><\/a><\/div>    <\/div>\r\n<\/div>\r\n\r\n\r\n\r\n\r\n\r\n\r\n\t\t\t\t<\/div>\n\t\t\t\t<\/div>\n\t\t\t\t\t<\/div>\n\t\t<\/div>\n\t\t\t\t<div class=\"elementor-column elementor-col-33 elementor-inner-column elementor-element elementor-element-a9d0af9 animated-fast elementor-invisible\" data-id=\"a9d0af9\" data-element_type=\"column\" data-e-type=\"column\" data-settings=\"{&quot;animation&quot;:&quot;fadeInUp&quot;,&quot;animation_delay&quot;:200}\">\n\t\t\t<div class=\"elementor-widget-wrap elementor-element-populated\">\n\t\t\t\t\t\t<div class=\"elementor-element elementor-element-24c3662 elementor-widget elementor-widget-team\" data-id=\"24c3662\" data-element_type=\"widget\" data-e-type=\"widget\" data-widget_type=\"team.default\">\n\t\t\t\t<div class=\"elementor-widget-container\">\n\t\t\t\t\t\r\n    <div class=\"pt-team pt-style-2\">\r\n\r\n        <div class=\"pt-team-info\">\r\n                            <h5 class=\"pt-member-name\">Dr. Schmidt<\/h5>\r\n\r\n                            <span class=\"pt-team-designation\">Luminor Dental<\/span>\r\n                    <\/div>\r\n\r\n        <div class=\"pt-team-img\">\r\n                           <img decoding=\"async\" src=\"https:\/\/luminordental.al\/wp-content\/uploads\/2025\/02\/03.png\" alt=\"team-image\">\r\n                      <\/div>\r\n\r\n\r\n       <div class=\"pt-team-bottom\">\r\n                        <div class=\"pt-btn-container\">\r\n                    <a class=\"pt-button pt-button-link\" href=\"https:\/\/luminordental.al\/about-us\/our-team\/dr-schmidt\/\" >\r\n                        <div class=\"pt-button-block\">\r\n                            <span class=\"pt-button-text\">VIEW MORE<\/span>\r\n                            <span class=\"pt-button-text\">VIEW MORE<\/span>\r\n                                                    <\/div>\r\n                    <\/a>\r\n                <\/div>\r\n            \r\n        <div class=\"pt-team-social\"><a href=\"#\"><i class=\"fab fa-instagram\"><\/i><\/a><a href=\"#\"><i class=\"fab fa-facebook\"><\/i><\/a><\/div>    <\/div>\r\n<\/div>\r\n\r\n\r\n\r\n\r\n\r\n\r\n\t\t\t\t<\/div>\n\t\t\t\t<\/div>\n\t\t\t\t\t<\/div>\n\t\t<\/div>\n\t\t\t\t\t<\/div>\n\t\t<\/div>\n\t\t\t\t<div class=\"elementor-section elementor-inner-section elementor-element elementor-element-9186bcc elementor-section-boxed elementor-section-height-default elementor-section-height-default\" data-id=\"9186bcc\" data-element_type=\"section\" data-e-type=\"section\">\n\t\t\t\t\t\t<div class=\"elementor-container elementor-column-gap-default\">\n\t\t\t\t\t<div class=\"elementor-column elementor-col-33 elementor-inner-column elementor-element elementor-element-fc38860 animated-fast elementor-invisible\" data-id=\"fc38860\" data-element_type=\"column\" data-e-type=\"column\" data-settings=\"{&quot;animation&quot;:&quot;fadeInUp&quot;}\">\n\t\t\t<div class=\"elementor-widget-wrap elementor-element-populated\">\n\t\t\t\t\t\t<div class=\"elementor-element elementor-element-101382f elementor-widget elementor-widget-team\" data-id=\"101382f\" data-element_type=\"widget\" data-e-type=\"widget\" data-widget_type=\"team.default\">\n\t\t\t\t<div class=\"elementor-widget-container\">\n\t\t\t\t\t\r\n    <div class=\"pt-team pt-style-2\">\r\n\r\n        <div class=\"pt-team-info\">\r\n                            <h5 class=\"pt-member-name\">Prof. Dr. Nenad Tanaskovic<\/h5>\r\n\r\n                            <span class=\"pt-team-designation\">Luminor Dental<\/span>\r\n                    <\/div>\r\n\r\n        <div class=\"pt-team-img\">\r\n                           <img decoding=\"async\" src=\"https:\/\/luminordental.al\/wp-content\/uploads\/2025\/02\/02.png\" alt=\"team-image\">\r\n                      <\/div>\r\n\r\n\r\n       <div class=\"pt-team-bottom\">\r\n                        <div class=\"pt-btn-container\">\r\n                    <a class=\"pt-button pt-button-link\" href=\"https:\/\/luminordental.al\/about-us\/our-team\/prof-dr-nenad-tanaskovic\/\" >\r\n                        <div class=\"pt-button-block\">\r\n                            <span class=\"pt-button-text\">VIEW MORE<\/span>\r\n                            <span class=\"pt-button-text\">VIEW MORE<\/span>\r\n                                                    <\/div>\r\n                    <\/a>\r\n                <\/div>\r\n            \r\n        <div class=\"pt-team-social\"><a href=\"#\"><i class=\"fab fa-instagram\"><\/i><\/a><a href=\"#\"><i class=\"fab fa-facebook\"><\/i><\/a><\/div>    <\/div>\r\n<\/div>\r\n\r\n\r\n\r\n\r\n\r\n\r\n\t\t\t\t<\/div>\n\t\t\t\t<\/div>\n\t\t\t\t\t<\/div>\n\t\t<\/div>\n\t\t\t\t<div class=\"elementor-column elementor-col-33 elementor-inner-column elementor-element elementor-element-9829f4e animated-fast elementor-invisible\" data-id=\"9829f4e\" data-element_type=\"column\" data-e-type=\"column\" data-settings=\"{&quot;animation&quot;:&quot;fadeInUp&quot;,&quot;animation_delay&quot;:100}\">\n\t\t\t<div class=\"elementor-widget-wrap elementor-element-populated\">\n\t\t\t\t\t\t<div class=\"elementor-element elementor-element-b63cce7 elementor-widget elementor-widget-team\" data-id=\"b63cce7\" data-element_type=\"widget\" data-e-type=\"widget\" data-widget_type=\"team.default\">\n\t\t\t\t<div class=\"elementor-widget-container\">\n\t\t\t\t\t\r\n    <div class=\"pt-team pt-style-2\">\r\n\r\n        <div class=\"pt-team-info\">\r\n                            <h5 class=\"pt-member-name\">Dr. Attila M\u00fchl<\/h5>\r\n\r\n                            <span class=\"pt-team-designation\">Luminor Dental<\/span>\r\n                    <\/div>\r\n\r\n        <div class=\"pt-team-img\">\r\n                           <img decoding=\"async\" src=\"https:\/\/luminordental.al\/wp-content\/uploads\/2025\/02\/01.png\" alt=\"team-image\">\r\n                      <\/div>\r\n\r\n\r\n       <div class=\"pt-team-bottom\">\r\n                        <div class=\"pt-btn-container\">\r\n                    <a class=\"pt-button pt-button-link\" href=\"https:\/\/luminordental.al\/about-us\/our-team\/dr-attila-muhl\/\" >\r\n                        <div class=\"pt-button-block\">\r\n                            <span class=\"pt-button-text\">VIEW MORE<\/span>\r\n                            <span class=\"pt-button-text\">VIEW MORE<\/span>\r\n                                                    <\/div>\r\n                    <\/a>\r\n                <\/div>\r\n            \r\n        <div class=\"pt-team-social\"><a href=\"#\"><i class=\"fab fa-instagram\"><\/i><\/a><a href=\"#\"><i class=\"fab fa-facebook\"><\/i><\/a><\/div>    <\/div>\r\n<\/div>\r\n\r\n\r\n\r\n\r\n\r\n\r\n\t\t\t\t<\/div>\n\t\t\t\t<\/div>\n\t\t\t\t\t<\/div>\n\t\t<\/div>\n\t\t\t\t<div class=\"elementor-column elementor-col-33 elementor-inner-column elementor-element elementor-element-741dc83 animated-fast elementor-invisible\" data-id=\"741dc83\" data-element_type=\"column\" data-e-type=\"column\" data-settings=\"{&quot;animation&quot;:&quot;fadeInUp&quot;,&quot;animation_delay&quot;:100}\">\n\t\t\t<div class=\"elementor-widget-wrap elementor-element-populated\">\n\t\t\t\t\t\t<div class=\"elementor-element elementor-element-568c64e elementor-widget elementor-widget-team\" data-id=\"568c64e\" data-element_type=\"widget\" data-e-type=\"widget\" data-widget_type=\"team.default\">\n\t\t\t\t<div class=\"elementor-widget-container\">\n\t\t\t\t\t\r\n    <div class=\"pt-team pt-style-2\">\r\n\r\n        <div class=\"pt-team-info\">\r\n                            <h5 class=\"pt-member-name\">Dr. Lutfi Fejzo<\/h5>\r\n\r\n                            <span class=\"pt-team-designation\">Luminor Dental<\/span>\r\n                    <\/div>\r\n\r\n        <div class=\"pt-team-img\">\r\n                           <img decoding=\"async\" src=\"https:\/\/luminordental.al\/wp-content\/uploads\/2025\/04\/ewfewfew.jpg\" alt=\"team-image\">\r\n                      <\/div>\r\n\r\n\r\n       <div class=\"pt-team-bottom\">\r\n                        <div class=\"pt-btn-container\">\r\n                    <a class=\"pt-button pt-button-link\" href=\"https:\/\/luminordental.al\/about-us\/our-team\/dr-lutfi-fejzo\/\" >\r\n                        <div class=\"pt-button-block\">\r\n                            <span class=\"pt-button-text\">VIEW MORE<\/span>\r\n                            <span class=\"pt-button-text\">VIEW MORE<\/span>\r\n                                                    <\/div>\r\n                    <\/a>\r\n                <\/div>\r\n            \r\n        <div class=\"pt-team-social\"><a href=\"#\"><i class=\"fab fa-instagram\"><\/i><\/a><a href=\"#\"><i class=\"fab fa-facebook\"><\/i><\/a><\/div>    <\/div>\r\n<\/div>\r\n\r\n\r\n\r\n\r\n\r\n\r\n\t\t\t\t<\/div>\n\t\t\t\t<\/div>\n\t\t\t\t\t<\/div>\n\t\t<\/div>\n\t\t\t\t\t<\/div>\n\t\t<\/div>\n\t\t\t\t\t<\/div>\n\t\t<\/div>\n\t\t\t\t\t<\/div>\n\t\t<\/div>\n\t\t<div class=\"elementor-element elementor-element-9febe34 e-flex e-con-boxed e-con e-parent\" data-id=\"9febe34\" data-element_type=\"container\" data-e-type=\"container\">\n\t\t\t\t\t<div class=\"e-con-inner\">\n\t\t\t\t<div class=\"elementor-element elementor-element-a704f0d elementor-widget elementor-widget-html\" data-id=\"a704f0d\" data-element_type=\"widget\" data-e-type=\"widget\" data-widget_type=\"html.default\">\n\t\t\t\t<div class=\"elementor-widget-container\">\n\t\t\t\t\t<script>\r\n  document.addEventListener('tp_language_changed', function () {\r\n    \/\/ Rifresko Splitting.js n\u00ebse p\u00ebrdoret p\u00ebr tekste\r\n    if (typeof Splitting === 'function') {\r\n      Splitting();\r\n    }\r\n\r\n    \/\/ Rifresko OWL Carousel n\u00ebse \u00ebsht\u00eb e pranishme\r\n    if (typeof jQuery !== 'undefined' && typeof jQuery.fn.owlCarousel !== 'undefined') {\r\n      jQuery('.owl-carousel').trigger('destroy.owl.carousel').owlCarousel({\r\n        items: 3,\r\n        loop: true,\r\n        margin: 30,\r\n        nav: true,\r\n        dots: true,\r\n        responsive: {\r\n          0: { items: 1, nav: false, dots: true },\r\n          480: { items: 1 },\r\n          786: { items: 2 },\r\n          1023: { items: 3 }\r\n        }\r\n      });\r\n    }\r\n\r\n    \/\/ Rifresko \u00e7do widget q\u00eb \u00ebsht\u00eb dinamike\r\n    setTimeout(function () {\r\n      const dynamicSections = document.querySelectorAll('.pt-team');\r\n      dynamicSections.forEach(function (section) {\r\n        section.style.display = 'block'; \/\/ ose 'flex' n\u00ebse \u00ebsht\u00eb flexbox\r\n      });\r\n    }, 500); \/\/ vones\u00eb p\u00ebr t\u2019i l\u00ebn\u00eb koh\u00eb DOM-it t\u00eb p\u00ebrkthehet\r\n  });\r\n<\/script>\r\n\t\t\t\t<\/div>\n\t\t\t\t<\/div>\n\t\t\t\t\t<\/div>\n\t\t\t\t<\/div>\n\t\t\t\t<\/div>\n\t\t","protected":false},"excerpt":{"rendered":"<p>Dr. Anisa Fejzo Luminor Dental VIEW MORE VIEW MORE Prof. Dr. Ates Parlar Luminor Dental VIEW MORE VIEW MORE Dr. Schmidt Luminor Dental VIEW MORE VIEW MORE Prof. Dr. Nenad Tanaskovic Luminor Dental VIEW MORE VIEW MORE Dr. Attila M\u00fchl Luminor Dental VIEW MORE VIEW MORE Dr. Lutfi Fejzo Luminor Dental VIEW MORE VIEW MORE<\/p>\n","protected":false},"author":1,"featured_media":0,"parent":13068,"menu_order":0,"comment_status":"closed","ping_status":"closed","template":"","meta":{"_acf_changed":false,"inline_featured_image":false,"footnotes":""},"class_list":["post-415","page","type-page","status-publish","hentry"],"acf":[],"_links":{"self":[{"href":"https:\/\/luminordental.al\/en\/wp-json\/wp\/v2\/pages\/415","targetHints":{"allow":["GET"]}}],"collection":[{"href":"https:\/\/luminordental.al\/en\/wp-json\/wp\/v2\/pages"}],"about":[{"href":"https:\/\/luminordental.al\/en\/wp-json\/wp\/v2\/types\/page"}],"author":[{"embeddable":true,"href":"https:\/\/luminordental.al\/en\/wp-json\/wp\/v2\/users\/1"}],"replies":[{"embeddable":true,"href":"https:\/\/luminordental.al\/en\/wp-json\/wp\/v2\/comments?post=415"}],"version-history":[{"count":44,"href":"https:\/\/luminordental.al\/en\/wp-json\/wp\/v2\/pages\/415\/revisions"}],"predecessor-version":[{"id":14744,"href":"https:\/\/luminordental.al\/en\/wp-json\/wp\/v2\/pages\/415\/revisions\/14744"}],"up":[{"embeddable":true,"href":"https:\/\/luminordental.al\/en\/wp-json\/wp\/v2\/pages\/13068"}],"wp:attachment":[{"href":"https:\/\/luminordental.al\/en\/wp-json\/wp\/v2\/media?parent=415"}],"curies":[{"name":"wp","href":"https:\/\/api.w.org\/{rel}","templated":true}]}}